{"id":127584,"date":"2024-04-23T15:16:46","date_gmt":"2024-04-23T14:16:46","guid":{"rendered":"https:\/\/www.amg-spa.com\/construmat\/"},"modified":"2024-05-09T14:48:09","modified_gmt":"2024-05-09T13:48:09","slug":"construmat","status":"publish","type":"page","link":"https:\/\/www.amg-spa.com\/es\/construmat\/","title":{"rendered":"Construmat"},"content":{"rendered":"<div class=\"wpb-content-wrapper\"><p>[vc_row row_height_percent=\u00bb60&#8243; back_image=\u00bb127282&#8243; overlay_alpha=\u00bb50&#8243; gutter_size=\u00bb3&#8243; column_width_percent=\u00bb100&#8243; shift_y=\u00bb0&#8243; z_index=\u00bb0&#8243; uncode_shortcode_id=\u00bb149535&#8243;][vc_column column_width_percent=\u00bb100&#8243; position_vertical=\u00bbmiddle\u00bb gutter_size=\u00bb3&#8243; overlay_alpha=\u00bb50&#8243; shift_x=\u00bb0&#8243; shift_y=\u00bb0&#8243; shift_y_down=\u00bb0&#8243; z_index=\u00bb0&#8243; medium_width=\u00bb0&#8243; mobile_width=\u00bb0&#8243; width=\u00bb1\/1&#8243; uncode_shortcode_id=\u00bb893698&#8243;][vc_raw_html]JTVCY29zdHJ1bWF0X2hlcm9fZXMlNUQ=[\/vc_raw_html][\/vc_column][\/vc_row][vc_row row_height_percent=\u00bb0&#8243; overlay_alpha=\u00bb50&#8243; gutter_size=\u00bb3&#8243; column_width_percent=\u00bb100&#8243; shift_y=\u00bb0&#8243; z_index=\u00bb0&#8243; uncode_shortcode_id=\u00bb776582&#8243; el_class=\u00bbrelative\u00bb][vc_column width=\u00bb1\/1&#8243;][vc_row_inner row_inner_height_percent=\u00bb0&#8243; overlay_alpha=\u00bb50&#8243; gutter_size=\u00bb5&#8243; shift_y=\u00bb0&#8243; z_index=\u00bb0&#8243; inverted_device_order=\u00bbyes\u00bb uncode_shortcode_id=\u00bb336995&#8243; css=\u00bb.vc_custom_1714990434358{margin-bottom: 64px !important;}\u00bb][vc_column_inner column_width_percent=\u00bb100&#8243; position_vertical=\u00bbmiddle\u00bb gutter_size=\u00bb3&#8243; overlay_alpha=\u00bb50&#8243; shift_x=\u00bb0&#8243; shift_y=\u00bb0&#8243; shift_y_down=\u00bb0&#8243; z_index=\u00bb0&#8243; medium_width=\u00bb0&#8243; mobile_width=\u00bb0&#8243; width=\u00bb1\/2&#8243; uncode_shortcode_id=\u00bb106293&#8243;][vc_custom_heading text_size=\u00bbfontsize-168303&#8243; text_transform=\u00bbuppercase\u00bb uncode_shortcode_id=\u00bb204899&#8243;]<strong>soluciones personalizadas para tu casa<\/strong>[\/vc_custom_heading][\/vc_column_inner][vc_column_inner column_width_percent=\u00bb100&#8243; position_vertical=\u00bbmiddle\u00bb align_horizontal=\u00bbalign_center\u00bb gutter_size=\u00bb3&#8243; overlay_alpha=\u00bb50&#8243; shift_x=\u00bb0&#8243; shift_y=\u00bb0&#8243; shift_y_down=\u00bb0&#8243; z_index=\u00bb0&#8243; medium_width=\u00bb0&#8243; mobile_width=\u00bb0&#8243; width=\u00bb1\/2&#8243; uncode_shortcode_id=\u00bb461729&#8243;][vc_single_image media=\u00bb127250&#8243; media_width_percent=\u00bb40&#8243; alignment=\u00bbcenter\u00bb uncode_shortcode_id=\u00bb179221&#8243;][\/vc_column_inner][\/vc_row_inner][vc_row_inner row_inner_height_percent=\u00bb0&#8243; overlay_alpha=\u00bb50&#8243; gutter_size=\u00bb3&#8243; shift_y=\u00bb0&#8243; z_index=\u00bb0&#8243; uncode_shortcode_id=\u00bb300613&#8243; css=\u00bb.vc_custom_1713884035374{margin-bottom: 64px !important;}\u00bb][vc_column_inner column_width_percent=\u00bb100&#8243; position_vertical=\u00bbmiddle\u00bb align_horizontal=\u00bbalign_center\u00bb gutter_size=\u00bb3&#8243; overlay_alpha=\u00bb50&#8243; shift_x=\u00bb0&#8243; shift_y=\u00bb0&#8243; shift_y_down=\u00bb0&#8243; z_index=\u00bb0&#8243; medium_width=\u00bb0&#8243; mobile_width=\u00bb0&#8243; width=\u00bb1\/2&#8243; uncode_shortcode_id=\u00bb461729&#8243;][vc_single_image media=\u00bb127462&#8243; media_width_percent=\u00bb100&#8243; alignment=\u00bbcenter\u00bb uncode_shortcode_id=\u00bb105960&#8243;][\/vc_column_inner][vc_column_inner column_width_percent=\u00bb100&#8243; position_vertical=\u00bbmiddle\u00bb align_horizontal=\u00bbalign_right\u00bb gutter_size=\u00bb3&#8243; overlay_alpha=\u00bb50&#8243; shift_x=\u00bb0&#8243; shift_y=\u00bb0&#8243; shift_y_down=\u00bb0&#8243; z_index=\u00bb0&#8243; align_medium=\u00bbalign_left_tablet\u00bb medium_width=\u00bb0&#8243; align_mobile=\u00bbalign_left_mobile\u00bb mobile_width=\u00bb0&#8243; width=\u00bb1\/2&#8243; uncode_shortcode_id=\u00bb146490&#8243;][vc_custom_heading text_size=\u00bbfontsize-168303&#8243; text_transform=\u00bbuppercase\u00bb uncode_shortcode_id=\u00bb810880&#8243;]<strong>tu partner en soluciones energ\u00c9ticas<\/strong><\/p>\n<p><strong style=\"color: #c2d501;\">all in one<\/strong>[\/vc_custom_heading][\/vc_column_inner][\/vc_row_inner][vc_row_inner row_inner_height_percent=\u00bb0&#8243; overlay_alpha=\u00bb50&#8243; equal_height=\u00bbyes\u00bb gutter_size=\u00bb6&#8243; shift_y=\u00bb0&#8243; z_index=\u00bb0&#8243; uncode_shortcode_id=\u00bb987505&#8243; css=\u00bb.vc_custom_1713884043059{margin-bottom: 64px !important;}\u00bb][vc_column_inner column_width_percent=\u00bb100&#8243; position_vertical=\u00bbmiddle\u00bb gutter_size=\u00bb3&#8243; overlay_alpha=\u00bb50&#8243; shift_x=\u00bb0&#8243; shift_y=\u00bb0&#8243; shift_y_down=\u00bb0&#8243; z_index=\u00bb0&#8243; medium_width=\u00bb0&#8243; mobile_width=\u00bb0&#8243; width=\u00bb1\/2&#8243; uncode_shortcode_id=\u00bb174420&#8243;][vc_raw_html]W2FtZ19yb3cgaWQ9IjEyNzQ3OSJd[\/vc_raw_html][vc_custom_heading heading_semantic=\u00bbh4&#8243; text_size=\u00bbh4&#8243; uncode_shortcode_id=\u00bb147156&#8243;]Presente en el mundo desde 1981 con m\u00e1s de 5 millones de unidades producidas<\/p>\n<p>1,5 millones de proyectos realizados en todo<br \/>\nel mundo<\/p>\n<p>8 plantas de producci\u00f3n en Italia y 4 en<br \/>\nel extranjero<\/p>\n<p>1800 personas empleadas<\/p>\n<p>Estable en Espa\u00f1a desde 1997<\/p>\n<p>Servicio de proyectaci\u00f3n, instalaci\u00f3n, asistencia t\u00e9cnica y repuestos en territorio espa\u00f1ol[\/vc_custom_heading][\/vc_column_inner][vc_column_inner column_width_percent=\u00bb100&#8243; position_vertical=\u00bbmiddle\u00bb align_horizontal=\u00bbalign_center\u00bb gutter_size=\u00bb3&#8243; overlay_alpha=\u00bb50&#8243; shift_x=\u00bb0&#8243; shift_y=\u00bb0&#8243; shift_y_down=\u00bb0&#8243; z_index=\u00bb0&#8243; medium_width=\u00bb0&#8243; mobile_width=\u00bb0&#8243; width=\u00bb1\/2&#8243; uncode_shortcode_id=\u00bb461729&#8243;][vc_single_image media=\u00bb127500&#8243; media_width_percent=\u00bb100&#8243; alignment=\u00bbcenter\u00bb uncode_shortcode_id=\u00bb187701&#8243;][\/vc_column_inner][\/vc_row_inner][vc_row_inner row_inner_height_percent=\u00bb0&#8243; back_color=\u00bbcolor-gyho\u00bb overlay_alpha=\u00bb50&#8243; gutter_size=\u00bb2&#8243; border_style=\u00bbsolid\u00bb shift_y=\u00bb0&#8243; z_index=\u00bb0&#8243; inverted_device_order=\u00bbyes\u00bb uncode_shortcode_id=\u00bb120329&#8243; back_color_type=\u00bbuncode-palette\u00bb css=\u00bb.vc_custom_1714990598416{border-right-width: 32px !important;border-left-width: 32px !important;padding-top: 16px !important;padding-right: 32px !important;padding-bottom: 16px !important;padding-left: 32px !important;}\u00bb border_color_type=\u00bbuncode-solid\u00bb border_color_solid=\u00bb#c2d501&#8243;][vc_column_inner column_width_percent=\u00bb100&#8243; position_vertical=\u00bbmiddle\u00bb gutter_size=\u00bb3&#8243; overlay_alpha=\u00bb50&#8243; shift_x=\u00bb0&#8243; shift_y=\u00bb0&#8243; shift_y_down=\u00bb0&#8243; z_index=\u00bb0&#8243; medium_width=\u00bb0&#8243; mobile_width=\u00bb0&#8243; width=\u00bb1\/2&#8243; uncode_shortcode_id=\u00bb129364&#8243; css=\u00bb.vc_custom_1713522385618{padding-top: 16px !important;padding-bottom: 16px !important;}\u00bb][vc_raw_html]PGg1PjxtYXJrIGNsYXNzPSJjb3N0cnVtYXRfbWFyayI+T0ZSRUNFUiBQUk9EVUNUT1MgREUgQUxUQSBFRklDSUVOQ0lBPC9tYXJrPjwvaDU+CjxoNT48bWFyayBjbGFzcz0iY29zdHJ1bWF0X21hcmsiPk1FSk9SQVIgRUwgQ09ORk9SVCBERSBWSURBIFNFR8OaTiBMQVMgTkVDRVNJREFERVMgUEVSU09OQUxFUzwvbWFyaz48L2g1Pgo8aDU+PG1hcmsgY2xhc3M9ImNvc3RydW1hdF9tYXJrIj5TT1BPUlRFIENPTVBMRVRPIEFMIENMSUVOVEUgQ09OIFNFUlZJQ0lPIERFIFBPU1QtVkVOVEE8L21hcms+PC9oNT4=[\/vc_raw_html][\/vc_column_inner][vc_column_inner column_width_percent=\u00bb100&#8243; position_horizontal=\u00bbright\u00bb position_vertical=\u00bbmiddle\u00bb align_horizontal=\u00bbalign_right\u00bb gutter_size=\u00bb3&#8243; overlay_alpha=\u00bb50&#8243; shift_x=\u00bb0&#8243; shift_y=\u00bb0&#8243; shift_y_down=\u00bb0&#8243; z_index=\u00bb0&#8243; align_medium=\u00bbalign_center_tablet\u00bb medium_width=\u00bb0&#8243; align_mobile=\u00bbalign_center_mobile\u00bb mobile_width=\u00bb0&#8243; width=\u00bb1\/2&#8243; uncode_shortcode_id=\u00bb107178&#8243;][vc_custom_heading heading_semantic=\u00bbh1&#8243; text_size=\u00bbh1&#8243; text_transform=\u00bbuppercase\u00bb uncode_shortcode_id=\u00bb409350&#8243;]NUESTRA MISI\u00d3N[\/vc_custom_heading][\/vc_column_inner][\/vc_row_inner][vc_row_inner][vc_column_inner column_width_percent=\u00bb100&#8243; position_vertical=\u00bbmiddle\u00bb align_horizontal=\u00bbalign_center\u00bb gutter_size=\u00bb3&#8243; overlay_alpha=\u00bb50&#8243; shift_x=\u00bb0&#8243; shift_y=\u00bb0&#8243; shift_y_down=\u00bb0&#8243; z_index=\u00bb0&#8243; medium_width=\u00bb0&#8243; mobile_width=\u00bb0&#8243; width=\u00bb1\/2&#8243; uncode_shortcode_id=\u00bb461729&#8243;][vc_single_image media=\u00bb127520&#8243; media_width_percent=\u00bb100&#8243; alignment=\u00bbcenter\u00bb uncode_shortcode_id=\u00bb521423&#8243;][\/vc_column_inner][vc_column_inner column_width_percent=\u00bb100&#8243; position_vertical=\u00bbmiddle\u00bb gutter_size=\u00bb3&#8243; overlay_alpha=\u00bb50&#8243; shift_x=\u00bb0&#8243; shift_y=\u00bb0&#8243; shift_y_down=\u00bb0&#8243; z_index=\u00bb0&#8243; medium_width=\u00bb0&#8243; mobile_width=\u00bb0&#8243; width=\u00bb1\/2&#8243; uncode_shortcode_id=\u00bb123665&#8243;][vc_custom_heading heading_semantic=\u00bbh3&#8243; text_size=\u00bbh3&#8243; text_transform=\u00bbuppercase\u00bb uncode_shortcode_id=\u00bb653209&#8243;]bombas de calor<\/p>\n<p>&nbsp;<\/p>\n<p>sistemas multisplit flexibles<\/p>\n<p>&nbsp;<\/p>\n<p>SISTEMAS FOTOVOLTAICOS<\/p>\n<p>&nbsp;<\/p>\n<p>solar t\u00e9rmica<\/p>\n<p>&nbsp;<\/p>\n<p>calderas de condensaci\u00f3n<\/p>\n<p>&nbsp;<\/p>\n<p>PRODUCTOS DE BIOMASA PELLET Y LE\u00d1A<\/p>\n<p>&nbsp;<\/p>\n<p>VENTANAS[\/vc_custom_heading][\/vc_column_inner][\/vc_row_inner][\/vc_column][\/vc_row][vc_row row_height_percent=\u00bb0&#8243; overlay_alpha=\u00bb50&#8243; gutter_size=\u00bb3&#8243; column_width_percent=\u00bb100&#8243; shift_y=\u00bb0&#8243; z_index=\u00bb0&#8243; uncode_shortcode_id=\u00bb213220&#8243; back_color_type=\u00bbuncode-solid\u00bb back_color_solid=\u00bb#c2d501&#8243;][vc_column width=\u00bb1\/1&#8243;][vc_raw_html]JTVCY29zdHJ1bWF0X21lZGl1bV9iYW5uZXIlMjB0ZXh0JTNEJTIydHUlMjBwYXJ0bmVyJTIwZW4lMjBzb2x1Y2lvbmVzJTIwZW5lcmclQzMlODl0aWNhcyUyMiUyMHNlY29uZF90ZXh0JTNEJTIycHJveWVjdG8lMjBsbGF2ZXMlMjBlbiUyMG1hbm8lMjIlNUQ=[\/vc_raw_html][\/vc_column][\/vc_row][vc_row row_height_percent=\u00bb0&#8243; overlay_alpha=\u00bb50&#8243; gutter_size=\u00bb3&#8243; column_width_percent=\u00bb100&#8243; shift_y=\u00bb0&#8243; z_index=\u00bb0&#8243; uncode_shortcode_id=\u00bb341627&#8243; row_height_pixel=\u00bb300&#8243;][vc_column width=\u00bb1\/1&#8243;][vc_row_inner][vc_column_inner width=\u00bb1\/3&#8243;][vc_raw_html]W2Nvc3RydW1hdF9jaXJjbGVfaWNvbiBpY29uX2lkPSIxMjczODUiXQ==[\/vc_raw_html][\/vc_column_inner][vc_column_inner column_width_percent=\u00bb100&#8243; position_horizontal=\u00bbright\u00bb position_vertical=\u00bbmiddle\u00bb align_horizontal=\u00bbalign_right\u00bb gutter_size=\u00bb3&#8243; overlay_alpha=\u00bb50&#8243; shift_x=\u00bb0&#8243; shift_y=\u00bb0&#8243; shift_y_down=\u00bb0&#8243; z_index=\u00bb0&#8243; align_medium=\u00bbalign_center_tablet\u00bb medium_width=\u00bb0&#8243; align_mobile=\u00bbalign_center_mobile\u00bb mobile_width=\u00bb0&#8243; width=\u00bb2\/3&#8243; uncode_shortcode_id=\u00bb113233&#8243;][vc_custom_heading text_transform=\u00bbuppercase\u00bb uncode_shortcode_id=\u00bb127142&#8243;]<b>PRODUCCI\u00d3N INTERNA DE CADA PRODUCTO<\/b>[\/vc_custom_heading][\/vc_column_inner][\/vc_row_inner][vc_row_inner row_inner_height_percent=\u00bb0&#8243; overlay_alpha=\u00bb50&#8243; gutter_size=\u00bb3&#8243; shift_y=\u00bb0&#8243; z_index=\u00bb0&#8243; inverted_device_order=\u00bbyes\u00bb uncode_shortcode_id=\u00bb164625&#8243;][vc_column_inner column_width_percent=\u00bb100&#8243; position_vertical=\u00bbmiddle\u00bb gutter_size=\u00bb3&#8243; overlay_alpha=\u00bb50&#8243; shift_x=\u00bb0&#8243; shift_y=\u00bb0&#8243; shift_y_down=\u00bb0&#8243; z_index=\u00bb0&#8243; align_medium=\u00bbalign_center_tablet\u00bb medium_width=\u00bb0&#8243; align_mobile=\u00bbalign_center_mobile\u00bb mobile_width=\u00bb0&#8243; width=\u00bb2\/3&#8243; uncode_shortcode_id=\u00bb165473&#8243;][vc_custom_heading heading_semantic=\u00bbh3&#8243; text_size=\u00bbh3&#8243; text_transform=\u00bbuppercase\u00bb uncode_shortcode_id=\u00bb444057&#8243;]<b>PROYECTO TERMOT\u00c9CNICO: LOS T\u00c9CNICOS SE ENCARGAR\u00c1N DE<br \/>\nREALIZAR EL MEJOR PROYECTO<\/b>[\/vc_custom_heading][\/vc_column_inner][vc_column_inner column_width_percent=\u00bb100&#8243; position_horizontal=\u00bbright\u00bb position_vertical=\u00bbmiddle\u00bb align_horizontal=\u00bbalign_right\u00bb gutter_size=\u00bb3&#8243; overlay_alpha=\u00bb50&#8243; shift_x=\u00bb0&#8243; shift_y=\u00bb0&#8243; shift_y_down=\u00bb0&#8243; z_index=\u00bb0&#8243; medium_width=\u00bb0&#8243; mobile_width=\u00bb0&#8243; width=\u00bb1\/3&#8243; uncode_shortcode_id=\u00bb944880&#8243;][vc_raw_html]W2Nvc3RydW1hdF9jaXJjbGVfaWNvbiByZXZlcnNlZD0idHJ1ZSIgaWNvbl9pZD0iMTI3Mzc3Il0=[\/vc_raw_html][\/vc_column_inner][\/vc_row_inner][vc_row_inner][vc_column_inner width=\u00bb1\/3&#8243;][vc_raw_html]W2Nvc3RydW1hdF9jaXJjbGVfaWNvbiBpY29uX2lkPSIxMjczOTQiXQ==[\/vc_raw_html][\/vc_column_inner][vc_column_inner column_width_percent=\u00bb100&#8243; position_vertical=\u00bbmiddle\u00bb align_horizontal=\u00bbalign_right\u00bb gutter_size=\u00bb3&#8243; overlay_alpha=\u00bb50&#8243; shift_x=\u00bb0&#8243; shift_y=\u00bb0&#8243; shift_y_down=\u00bb0&#8243; z_index=\u00bb0&#8243; align_medium=\u00bbalign_center_tablet\u00bb medium_width=\u00bb0&#8243; align_mobile=\u00bbalign_center_mobile\u00bb mobile_width=\u00bb0&#8243; width=\u00bb2\/3&#8243; uncode_shortcode_id=\u00bb140847&#8243;][vc_custom_heading text_transform=\u00bbuppercase\u00bb uncode_shortcode_id=\u00bb112558&#8243;]<b>INSTALACI\u00d3N: <\/b><\/p>\n<p><b> T\u00c9CNICOS ESPECIALIZADOS Y AUTORIZADOS POR LA EMPRESA MATRIZ SE HACEN CARGO DE LA INSTALACI\u00d3N<\/b>[\/vc_custom_heading][\/vc_column_inner][\/vc_row_inner][vc_row_inner row_inner_height_percent=\u00bb0&#8243; overlay_alpha=\u00bb50&#8243; gutter_size=\u00bb3&#8243; shift_y=\u00bb0&#8243; z_index=\u00bb0&#8243; inverted_device_order=\u00bbyes\u00bb uncode_shortcode_id=\u00bb128945&#8243;][vc_column_inner column_width_percent=\u00bb100&#8243; position_vertical=\u00bbmiddle\u00bb gutter_size=\u00bb3&#8243; overlay_alpha=\u00bb50&#8243; shift_x=\u00bb0&#8243; shift_y=\u00bb0&#8243; shift_y_down=\u00bb0&#8243; z_index=\u00bb0&#8243; align_medium=\u00bbalign_center_tablet\u00bb medium_width=\u00bb0&#8243; align_mobile=\u00bbalign_center_mobile\u00bb mobile_width=\u00bb0&#8243; width=\u00bb2\/3&#8243; uncode_shortcode_id=\u00bb165760&#8243;][vc_custom_heading text_transform=\u00bbuppercase\u00bb uncode_shortcode_id=\u00bb190188&#8243;]<b>ASISTENCIA CON EL PAPELEO OS AYUDAREMOS <\/b><\/p>\n<p><b>PASO A PASO CON NUESTRO ACONSEJOS<\/b>[\/vc_custom_heading][\/vc_column_inner][vc_column_inner column_width_percent=\u00bb100&#8243; position_horizontal=\u00bbright\u00bb position_vertical=\u00bbmiddle\u00bb align_horizontal=\u00bbalign_right\u00bb gutter_size=\u00bb3&#8243; overlay_alpha=\u00bb50&#8243; shift_x=\u00bb0&#8243; shift_y=\u00bb0&#8243; shift_y_down=\u00bb0&#8243; z_index=\u00bb0&#8243; medium_width=\u00bb0&#8243; mobile_width=\u00bb0&#8243; width=\u00bb1\/3&#8243; uncode_shortcode_id=\u00bb141485&#8243;][vc_raw_html]W2Nvc3RydW1hdF9jaXJjbGVfaWNvbiByZXZlcnNlZD0idHJ1ZSIgaWNvbl9pZD0iMTI3NDAyIl0=[\/vc_raw_html][\/vc_column_inner][\/vc_row_inner][vc_row_inner][vc_column_inner width=\u00bb1\/3&#8243;][vc_raw_html]W2Nvc3RydW1hdF9jaXJjbGVfaWNvbiBpY29uX2lkPSIxMjc0MTAiXQ==[\/vc_raw_html][\/vc_column_inner][vc_column_inner column_width_percent=\u00bb100&#8243; position_vertical=\u00bbmiddle\u00bb align_horizontal=\u00bbalign_right\u00bb gutter_size=\u00bb3&#8243; overlay_alpha=\u00bb50&#8243; shift_x=\u00bb0&#8243; shift_y=\u00bb0&#8243; shift_y_down=\u00bb0&#8243; z_index=\u00bb0&#8243; medium_width=\u00bb0&#8243; align_mobile=\u00bbalign_center_mobile\u00bb mobile_width=\u00bb0&#8243; width=\u00bb2\/3&#8243; uncode_shortcode_id=\u00bb973836&#8243;][vc_custom_heading text_transform=\u00bbuppercase\u00bb uncode_shortcode_id=\u00bb207634&#8243;]<b>SERVICIO POST VENTA <\/b><\/p>\n<p><b>R\u00c1PIDA, EFICIENTE Y DISPONIBLE 24\/24H<\/b>[\/vc_custom_heading][\/vc_column_inner][\/vc_row_inner][\/vc_column][\/vc_row][vc_row row_height_percent=\u00bb1&#8243; overlay_alpha=\u00bb50&#8243; gutter_size=\u00bb3&#8243; column_width_percent=\u00bb100&#8243; shift_y=\u00bb0&#8243; z_index=\u00bb0&#8243; uncode_shortcode_id=\u00bb160435&#8243; back_color_type=\u00bbuncode-solid\u00bb back_color_solid=\u00bb#c2d501&#8243; css=\u00bb.vc_custom_1713878940734{padding-top: 0px !important;padding-right: 0px !important;padding-bottom: 0px !important;padding-left: 0px !important;}\u00bb][vc_column column_width_percent=\u00bb100&#8243; position_vertical=\u00bbmiddle\u00bb align_horizontal=\u00bbalign_center\u00bb gutter_size=\u00bb3&#8243; overlay_alpha=\u00bb50&#8243; shift_x=\u00bb0&#8243; shift_y=\u00bb0&#8243; shift_y_down=\u00bb0&#8243; z_index=\u00bb0&#8243; medium_width=\u00bb0&#8243; mobile_width=\u00bb0&#8243; width=\u00bb1\/1&#8243; uncode_shortcode_id=\u00bb199543&#8243;][vc_custom_heading text_transform=\u00bbuppercase\u00bb uncode_shortcode_id=\u00bb141540&#8243;]<b>TRADICI\u00d3N INNOVACI\u00d3N SERVICIO<\/b>[\/vc_custom_heading][\/vc_column][\/vc_row]<\/p>\n<\/div>","protected":false},"excerpt":{"rendered":"<p>[vc_row row_height_percent=\u00bb60&#8243; back_image=\u00bb127282&#8243; overlay_alpha=\u00bb50&#8243; gutter_size=\u00bb3&#8243; column_width_percent=\u00bb100&#8243; shift_y=\u00bb0&#8243; z_index=\u00bb0&#8243; uncode_shortcode_id=\u00bb149535&#8243;][vc_column column_width_percent=\u00bb100&#8243; position_vertical=\u00bbmiddle\u00bb gutter_size=\u00bb3&#8243; overlay_alpha=\u00bb50&#8243; shift_x=\u00bb0&#8243; shift_y=\u00bb0&#8243; shift_y_down=\u00bb0&#8243; z_index=\u00bb0&#8243; medium_width=\u00bb0&#8243; mobile_width=\u00bb0&#8243; width=\u00bb1\/1&#8243; [&hellip;]<\/p>\n","protected":false},"author":1,"featured_media":0,"parent":0,"menu_order":0,"comment_status":"closed","ping_status":"closed","template":"","meta":{"_acf_changed":false,"footnotes":""},"folder":[],"class_list":["post-127584","page","type-page","status-publish","hentry"],"acf":[],"yoast_head":"<!-- This site is optimized with the Yoast SEO plugin v27.3 - https:\/\/yoast.com\/product\/yoast-seo-wordpress\/ -->\n<title>Construmat - Amg Spa<\/title>\n<meta name=\"robots\" content=\"index, follow, max-snippet:-1, max-image-preview:large, max-video-preview:-1\" \/>\n<link rel=\"canonical\" href=\"https:\/\/www.amg-spa.com\/es\/construmat\/\" \/>\n<meta property=\"og:locale\" content=\"es_ES\" \/>\n<meta property=\"og:type\" content=\"article\" \/>\n<meta property=\"og:title\" content=\"Construmat - Amg Spa\" \/>\n<meta property=\"og:description\" content=\"[vc_row row_height_percent=\u00bb60&#8243; back_image=\u00bb127282&#8243; overlay_alpha=\u00bb50&#8243; gutter_size=\u00bb3&#8243; column_width_percent=\u00bb100&#8243; shift_y=\u00bb0&#8243; z_index=\u00bb0&#8243; uncode_shortcode_id=\u00bb149535&#8243;][vc_column column_width_percent=\u00bb100&#8243; position_vertical=\u00bbmiddle\u00bb gutter_size=\u00bb3&#8243; overlay_alpha=\u00bb50&#8243; shift_x=\u00bb0&#8243; shift_y=\u00bb0&#8243; shift_y_down=\u00bb0&#8243; z_index=\u00bb0&#8243; medium_width=\u00bb0&#8243; mobile_width=\u00bb0&#8243; width=\u00bb1\/1&#8243; [&hellip;]\" \/>\n<meta property=\"og:url\" content=\"https:\/\/www.amg-spa.com\/es\/construmat\/\" \/>\n<meta property=\"og:site_name\" content=\"Amg Spa\" \/>\n<meta property=\"article:publisher\" content=\"https:\/\/www.facebook.com\/amggroupspa\/\" \/>\n<meta property=\"article:modified_time\" content=\"2024-05-09T13:48:09+00:00\" \/>\n<meta property=\"og:image\" content=\"https:\/\/www.amg-spa.com\/wp-content\/uploads\/2019\/02\/amg_screen.jpg\" \/>\n\t<meta property=\"og:image:width\" content=\"2346\" \/>\n\t<meta property=\"og:image:height\" content=\"1564\" \/>\n\t<meta property=\"og:image:type\" content=\"image\/jpeg\" \/>\n<meta name=\"twitter:card\" content=\"summary_large_image\" \/>\n<meta name=\"twitter:label1\" content=\"Tiempo de lectura\" \/>\n\t<meta name=\"twitter:data1\" content=\"4 minutos\" \/>\n<script type=\"application\/ld+json\" class=\"yoast-schema-graph\">{\"@context\":\"https:\\\/\\\/schema.org\",\"@graph\":[{\"@type\":\"WebPage\",\"@id\":\"https:\\\/\\\/www.amg-spa.com\\\/es\\\/construmat\\\/\",\"url\":\"https:\\\/\\\/www.amg-spa.com\\\/es\\\/construmat\\\/\",\"name\":\"Construmat - Amg Spa\",\"isPartOf\":{\"@id\":\"https:\\\/\\\/www.amg-spa.com\\\/es\\\/#website\"},\"datePublished\":\"2024-04-23T14:16:46+00:00\",\"dateModified\":\"2024-05-09T13:48:09+00:00\",\"breadcrumb\":{\"@id\":\"https:\\\/\\\/www.amg-spa.com\\\/es\\\/construmat\\\/#breadcrumb\"},\"inLanguage\":\"es\",\"potentialAction\":[{\"@type\":\"ReadAction\",\"target\":[\"https:\\\/\\\/www.amg-spa.com\\\/es\\\/construmat\\\/\"]}]},{\"@type\":\"BreadcrumbList\",\"@id\":\"https:\\\/\\\/www.amg-spa.com\\\/es\\\/construmat\\\/#breadcrumb\",\"itemListElement\":[{\"@type\":\"ListItem\",\"position\":1,\"name\":\"Home\",\"item\":\"https:\\\/\\\/www.amg-spa.com\\\/es\\\/\"},{\"@type\":\"ListItem\",\"position\":2,\"name\":\"Construmat\"}]},{\"@type\":\"WebSite\",\"@id\":\"https:\\\/\\\/www.amg-spa.com\\\/es\\\/#website\",\"url\":\"https:\\\/\\\/www.amg-spa.com\\\/es\\\/\",\"name\":\"Amg Spa\",\"description\":\"Biomass &amp; Heating Technologies\",\"potentialAction\":[{\"@type\":\"SearchAction\",\"target\":{\"@type\":\"EntryPoint\",\"urlTemplate\":\"https:\\\/\\\/www.amg-spa.com\\\/es\\\/?s={search_term_string}\"},\"query-input\":{\"@type\":\"PropertyValueSpecification\",\"valueRequired\":true,\"valueName\":\"search_term_string\"}}],\"inLanguage\":\"es\"}]}<\/script>\n<!-- \/ Yoast SEO plugin. -->","yoast_head_json":{"title":"Construmat - Amg Spa","robots":{"index":"index","follow":"follow","max-snippet":"max-snippet:-1","max-image-preview":"max-image-preview:large","max-video-preview":"max-video-preview:-1"},"canonical":"https:\/\/www.amg-spa.com\/es\/construmat\/","og_locale":"es_ES","og_type":"article","og_title":"Construmat - Amg Spa","og_description":"[vc_row row_height_percent=\u00bb60&#8243; back_image=\u00bb127282&#8243; overlay_alpha=\u00bb50&#8243; gutter_size=\u00bb3&#8243; column_width_percent=\u00bb100&#8243; shift_y=\u00bb0&#8243; z_index=\u00bb0&#8243; uncode_shortcode_id=\u00bb149535&#8243;][vc_column column_width_percent=\u00bb100&#8243; position_vertical=\u00bbmiddle\u00bb gutter_size=\u00bb3&#8243; overlay_alpha=\u00bb50&#8243; shift_x=\u00bb0&#8243; shift_y=\u00bb0&#8243; shift_y_down=\u00bb0&#8243; z_index=\u00bb0&#8243; medium_width=\u00bb0&#8243; mobile_width=\u00bb0&#8243; width=\u00bb1\/1&#8243; [&hellip;]","og_url":"https:\/\/www.amg-spa.com\/es\/construmat\/","og_site_name":"Amg Spa","article_publisher":"https:\/\/www.facebook.com\/amggroupspa\/","article_modified_time":"2024-05-09T13:48:09+00:00","og_image":[{"width":2346,"height":1564,"url":"https:\/\/www.amg-spa.com\/wp-content\/uploads\/2019\/02\/amg_screen.jpg","type":"image\/jpeg"}],"twitter_card":"summary_large_image","twitter_misc":{"Tiempo de lectura":"4 minutos"},"schema":{"@context":"https:\/\/schema.org","@graph":[{"@type":"WebPage","@id":"https:\/\/www.amg-spa.com\/es\/construmat\/","url":"https:\/\/www.amg-spa.com\/es\/construmat\/","name":"Construmat - Amg Spa","isPartOf":{"@id":"https:\/\/www.amg-spa.com\/es\/#website"},"datePublished":"2024-04-23T14:16:46+00:00","dateModified":"2024-05-09T13:48:09+00:00","breadcrumb":{"@id":"https:\/\/www.amg-spa.com\/es\/construmat\/#breadcrumb"},"inLanguage":"es","potentialAction":[{"@type":"ReadAction","target":["https:\/\/www.amg-spa.com\/es\/construmat\/"]}]},{"@type":"BreadcrumbList","@id":"https:\/\/www.amg-spa.com\/es\/construmat\/#breadcrumb","itemListElement":[{"@type":"ListItem","position":1,"name":"Home","item":"https:\/\/www.amg-spa.com\/es\/"},{"@type":"ListItem","position":2,"name":"Construmat"}]},{"@type":"WebSite","@id":"https:\/\/www.amg-spa.com\/es\/#website","url":"https:\/\/www.amg-spa.com\/es\/","name":"Amg Spa","description":"Biomass &amp; Heating Technologies","potentialAction":[{"@type":"SearchAction","target":{"@type":"EntryPoint","urlTemplate":"https:\/\/www.amg-spa.com\/es\/?s={search_term_string}"},"query-input":{"@type":"PropertyValueSpecification","valueRequired":true,"valueName":"search_term_string"}}],"inLanguage":"es"}]}},"_links":{"self":[{"href":"https:\/\/www.amg-spa.com\/es\/wp-json\/wp\/v2\/pages\/127584","targetHints":{"allow":["GET"]}}],"collection":[{"href":"https:\/\/www.amg-spa.com\/es\/wp-json\/wp\/v2\/pages"}],"about":[{"href":"https:\/\/www.amg-spa.com\/es\/wp-json\/wp\/v2\/types\/page"}],"author":[{"embeddable":true,"href":"https:\/\/www.amg-spa.com\/es\/wp-json\/wp\/v2\/users\/1"}],"replies":[{"embeddable":true,"href":"https:\/\/www.amg-spa.com\/es\/wp-json\/wp\/v2\/comments?post=127584"}],"version-history":[{"count":24,"href":"https:\/\/www.amg-spa.com\/es\/wp-json\/wp\/v2\/pages\/127584\/revisions"}],"predecessor-version":[{"id":127653,"href":"https:\/\/www.amg-spa.com\/es\/wp-json\/wp\/v2\/pages\/127584\/revisions\/127653"}],"wp:attachment":[{"href":"https:\/\/www.amg-spa.com\/es\/wp-json\/wp\/v2\/media?parent=127584"}],"wp:term":[{"taxonomy":"folder","embeddable":true,"href":"https:\/\/www.amg-spa.com\/es\/wp-json\/wp\/v2\/folder?post=127584"}],"curies":[{"name":"wp","href":"https:\/\/api.w.org\/{rel}","templated":true}]}}