{"id":112212,"date":"2018-08-03T13:33:59","date_gmt":"2018-08-03T12:33:59","guid":{"rendered":"https:\/\/www.amg-spa.com\/disclaimer\/"},"modified":"2022-11-17T12:18:03","modified_gmt":"2022-11-17T11:18:03","slug":"disclaimer","status":"publish","type":"page","link":"https:\/\/www.amg-spa.com\/es\/disclaimer\/","title":{"rendered":"Privacy Policy"},"content":{"rendered":"<div class=\"wpb-content-wrapper\"><p>[vc_row row_height_percent=\u00bb0&#8243; override_padding=\u00bbyes\u00bb h_padding=\u00bb2&#8243; top_padding=\u00bb4&#8243; bottom_padding=\u00bb4&#8243; overlay_alpha=\u00bb50&#8243; gutter_size=\u00bb3&#8243; column_width_percent=\u00bb100&#8243; shift_y=\u00bb0&#8243; z_index=\u00bb0&#8243; uncode_shortcode_id=\u00bb598831&#8243;][vc_column][vc_custom_heading heading_semantic=\u00bbh1&#8243; text_size=\u00bbh1&#8243; text_weight=\u00bb700&#8243; text_transform=\u00bbuppercase\u00bb uncode_shortcode_id=\u00bb140175&#8243;]Privacy Policy[\/vc_custom_heading][vc_empty_space empty_h=\u00bb2&#8243;][vc_column_text uncode_shortcode_id=\u00bb187740&#8243;]<\/p>\n<p><strong>INFORMACI\u00d3N SOBRE EL TRATAMIENTO DE DATOS PERSONALES de los usuarios que consultan www.amg-spa.com en virtud del art\u00edculo 13 del Reglamento (UE) 2016\/679<\/strong><\/p>\n<p><strong>POR QU\u00c9 ESTA INFORMACI\u00d3N<\/strong><\/p>\n<p>De conformidad con el Reglamento (UE) 2016\/679 (en adelante, el \u00abReglamento\u00bb), esta p\u00e1gina describe las modalidades de tratamiento de los datos personales de los usuarios que consultan el sitio web accesible por medios electr\u00f3nicos en la siguiente direcci\u00f3n:<\/p>\n<p>&#8211; www.amg-spa.com<\/p>\n<p>Esta informaci\u00f3n no se refiere a otros sitios, p\u00e1ginas o servicios en l\u00ednea a los que se pueda acceder a trav\u00e9s de enlaces de hipertexto que puedan publicarse en el sitio pero que remitan a recursos ajenos al dominio de AMG SPA.<\/p>\n<p><strong>CONTROLADOR DE DATOS<\/strong><\/p>\n<p>Tras la consulta del sitio, pueden tratarse datos relativos a personas f\u00edsicas identificadas o identificables. El responsable del tratamiento es AMG Spa, con domicilio social en Via delle Arti e dei Mestieri 20, San Vito di Leguzzano (VI) (Email: privacy@amg-spa.com , PEC: amgspa@legalmail.it , centralita 0445\/519933).<\/p>\n<p><strong>BASE LEGAL PARA EL TRATAMIENTO<\/strong><\/p>\n<p>Los datos personales indicados en esta p\u00e1gina son tratados por el responsable del tratamiento en la medida en que son necesarios para la gesti\u00f3n del sitio y, sobre la base de informaci\u00f3n espec\u00edfica, y cuando sea necesario sobre la base del consentimiento, para ofrecer y realizar los servicios ofrecidos por el sitio.<\/p>\n<p><strong>TIPOS DE DATOS TRATADOS Y FINES DEL TRATAMIENTO<\/strong><\/p>\n<p><strong>Datos de navegaci\u00f3n<\/strong><\/p>\n<p>Los sistemas inform\u00e1ticos y los procedimientos de software utilizados para el funcionamiento de este sitio web adquieren, durante su funcionamiento normal, algunos datos personales cuya transmisi\u00f3n est\u00e1 impl\u00edcita en el uso de los protocolos de comunicaci\u00f3n de Internet. Esta categor\u00eda de datos incluye las direcciones IP o los nombres de dominio de los ordenadores y terminales utilizados por los usuarios, las direcciones de notaci\u00f3n URI\/URL (Uniform Resource Identifier\/Locator) de los recursos solicitados, la hora de la solicitud, el m\u00e9todo utilizado para presentar la solicitud al servidor, el tama\u00f1o del archivo obtenido como respuesta, el c\u00f3digo num\u00e9rico que indica el estado de la respuesta dada por el servidor (\u00e9xito, error, etc.) y otros par\u00e1metros relativos al sistema operativo y al entorno inform\u00e1tico del usuario. Estos datos, necesarios para el uso de los servicios web, tambi\u00e9n se tratan para<\/p>\n<p>&#8211; obtener informaci\u00f3n estad\u00edstica sobre el uso de los servicios (p\u00e1ginas m\u00e1s visitadas, n\u00famero de visitantes por franja horaria o por d\u00eda, zonas geogr\u00e1ficas de procedencia, etc.)<\/p>\n<p>&#8211; comprobar el correcto funcionamiento de los servicios ofrecidos.<\/p>\n<p>Los datos de navegaci\u00f3n no persisten durante m\u00e1s tiempo del necesario para garantizar el funcionamiento del sitio y se eliminan inmediatamente despu\u00e9s de su agregaci\u00f3n (salvo en caso de necesidad de comprobaci\u00f3n de delitos por parte de las autoridades judiciales).<\/p>\n<p><strong>Datos comunicados por el usuario<\/strong><\/p>\n<p>El env\u00edo facultativo, expl\u00edcito y voluntario de mensajes a las direcciones de contacto, as\u00ed como la cumplimentaci\u00f3n y el reenv\u00edo de los formularios del sitio, conllevan la obtenci\u00f3n de los datos de contacto del remitente, necesarios para responder, as\u00ed como de todos los datos personales incluidos en las comunicaciones. La informaci\u00f3n espec\u00edfica se publicar\u00e1 en las p\u00e1ginas creadas para la prestaci\u00f3n de determinados servicios.<\/p>\n<p><strong>Cookies y otros sistemas de seguimiento<\/strong><\/p>\n<p>Por favor, consulte la Pol\u00edtica de Cookies dedicada.<\/p>\n<p><strong>Informaci\u00f3n sobre el tratamiento de datos personales realizado a trav\u00e9s de Social<\/strong><\/p>\n<p><strong>Plataformas multimedia utilizadas por el controlador<\/strong><\/p>\n<p>En lo que respecta al tratamiento de datos personales realizado por los operadores de las plataformas de medios sociales utilizadas por el responsable del tratamiento, consulte la informaci\u00f3n proporcionada por ellos a trav\u00e9s de sus respectivas pol\u00edticas de privacidad. El<\/p>\n<p>El Propietario trata los datos personales proporcionados por los usuarios a trav\u00e9s de las p\u00e1ginas de las plataformas de Medios Sociales dedicadas en el \u00e1mbito de sus fines empresariales, exclusivamente para gestionar las interacciones con los usuarios (comentarios, publicaciones p\u00fablicas, etc.) y en cumplimiento de la normativa vigente.<\/p>\n<p><strong>Servicio de mensajer\u00eda instant\u00e1nea<\/strong><\/p>\n<p>Para el servicio de mensajer\u00eda instant\u00e1nea, el proveedor WhatsApp LLC se utiliza, por favor, lea la pol\u00edtica de privacidad en el siguiente enlace:<\/p>\n<p>https:\/\/faq.whatsapp.com\/482775927208796\/?helpref=hc_fnav . En este contexto, el responsable del tratamiento tratar\u00e1 los datos con fines precontractuales y\/o contractuales durante el tiempo necesario para gestionar la solicitud.<\/p>\n<p><strong>LOS DESTINATARIOS DE LOS DATOS<\/strong><\/p>\n<p>Los destinatarios de los datos recogidos a ra\u00edz de la consulta de los sitios mencionados anteriormente pueden ser los sujetos designados, en virtud del art\u00edculo 28 del Reglamento, como encargados del tratamiento, para la realizaci\u00f3n de los servicios de desarrollo, prestaci\u00f3n y gesti\u00f3n operativa de las plataformas tecnol\u00f3gicas utilizadas. Los datos personales recogidos tambi\u00e9n son tratados por el personal del responsable del tratamiento, que act\u00faa sobre la base de instrucciones espec\u00edficas proporcionadas con respecto a los fines y m\u00e9todos de tratamiento.<\/p>\n<p><strong>DERECHOS DE LOS INTERESADOS<\/strong><\/p>\n<p>Los interesados tienen derecho a obtener, en los casos previstos, el acceso a sus datos personales y la rectificaci\u00f3n o supresi\u00f3n de los mismos o la limitaci\u00f3n del tratamiento que les concierne o a oponerse al tratamiento (art. 15 y siguientes del Reglamento). La solicitud correspondiente puede presentarse a los contactos indicados anteriormente<\/p>\n<p><strong>DERECHO DE RECLAMACI\u00d3N<\/strong><\/p>\n<p>Los interesados que consideren que el tratamiento de los datos personales que les conciernen realizado a trav\u00e9s de este sitio web vulnera las disposiciones del Reglamento tienen derecho a presentar una reclamaci\u00f3n ante el Garante, tal y como establece el art. 77 del propio Reglamento, o a emprender acciones legales (art. 79 del Reglamento).<\/p>\n<p>[\/vc_column_text][\/vc_column][\/vc_row]<\/p>\n<\/div>","protected":false},"excerpt":{"rendered":"<p>[vc_row row_height_percent=\u00bb0&#8243; override_padding=\u00bbyes\u00bb h_padding=\u00bb2&#8243; top_padding=\u00bb4&#8243; bottom_padding=\u00bb4&#8243; overlay_alpha=\u00bb50&#8243; gutter_size=\u00bb3&#8243; column_width_percent=\u00bb100&#8243; shift_y=\u00bb0&#8243; z_index=\u00bb0&#8243; uncode_shortcode_id=\u00bb598831&#8243;][vc_column][vc_custom_heading heading_semantic=\u00bbh1&#8243; text_size=\u00bbh1&#8243; text_weight=\u00bb700&#8243; text_transform=\u00bbuppercase\u00bb uncode_shortcode_id=\u00bb140175&#8243;]Privacy Policy[\/vc_custom_heading][vc_empty_space empty_h=\u00bb2&#8243;][vc_column_text uncode_shortcode_id=\u00bb187740&#8243;] [&hellip;]<\/p>\n","protected":false},"author":1,"featured_media":0,"parent":0,"menu_order":5,"comment_status":"closed","ping_status":"closed","template":"","meta":{"_acf_changed":false,"footnotes":""},"folder":[],"class_list":["post-112212","page","type-page","status-publish","hentry"],"acf":[],"yoast_head":"<!-- This site is optimized with the Yoast SEO plugin v27.3 - https:\/\/yoast.com\/product\/yoast-seo-wordpress\/ -->\n<title>Privacy Policy - Amg Spa<\/title>\n<meta name=\"robots\" content=\"index, follow, max-snippet:-1, max-image-preview:large, max-video-preview:-1\" \/>\n<link rel=\"canonical\" href=\"https:\/\/www.amg-spa.com\/es\/disclaimer\/\" \/>\n<meta property=\"og:locale\" content=\"es_ES\" \/>\n<meta property=\"og:type\" content=\"article\" \/>\n<meta property=\"og:title\" content=\"Privacy Policy - Amg Spa\" \/>\n<meta property=\"og:description\" content=\"[vc_row row_height_percent=\u00bb0&#8243; override_padding=\u00bbyes\u00bb h_padding=\u00bb2&#8243; top_padding=\u00bb4&#8243; bottom_padding=\u00bb4&#8243; overlay_alpha=\u00bb50&#8243; gutter_size=\u00bb3&#8243; column_width_percent=\u00bb100&#8243; shift_y=\u00bb0&#8243; z_index=\u00bb0&#8243; uncode_shortcode_id=\u00bb598831&#8243;][vc_column][vc_custom_heading heading_semantic=\u00bbh1&#8243; text_size=\u00bbh1&#8243; text_weight=\u00bb700&#8243; text_transform=\u00bbuppercase\u00bb uncode_shortcode_id=\u00bb140175&#8243;]Privacy Policy[\/vc_custom_heading][vc_empty_space empty_h=\u00bb2&#8243;][vc_column_text uncode_shortcode_id=\u00bb187740&#8243;] [&hellip;]\" \/>\n<meta property=\"og:url\" content=\"https:\/\/www.amg-spa.com\/es\/disclaimer\/\" \/>\n<meta property=\"og:site_name\" content=\"Amg Spa\" \/>\n<meta property=\"article:publisher\" content=\"https:\/\/www.facebook.com\/amggroupspa\/\" \/>\n<meta property=\"article:modified_time\" content=\"2022-11-17T11:18:03+00:00\" \/>\n<meta property=\"og:image\" content=\"https:\/\/www.amg-spa.com\/wp-content\/uploads\/2019\/02\/amg_screen.jpg\" \/>\n\t<meta property=\"og:image:width\" content=\"2346\" \/>\n\t<meta property=\"og:image:height\" content=\"1564\" \/>\n\t<meta property=\"og:image:type\" content=\"image\/jpeg\" \/>\n<meta name=\"twitter:card\" content=\"summary_large_image\" \/>\n<meta name=\"twitter:label1\" content=\"Tiempo de lectura\" \/>\n\t<meta name=\"twitter:data1\" content=\"5 minutos\" \/>\n<script type=\"application\/ld+json\" class=\"yoast-schema-graph\">{\"@context\":\"https:\\\/\\\/schema.org\",\"@graph\":[{\"@type\":\"WebPage\",\"@id\":\"https:\\\/\\\/www.amg-spa.com\\\/es\\\/disclaimer\\\/\",\"url\":\"https:\\\/\\\/www.amg-spa.com\\\/es\\\/disclaimer\\\/\",\"name\":\"Privacy Policy - Amg Spa\",\"isPartOf\":{\"@id\":\"https:\\\/\\\/www.amg-spa.com\\\/es\\\/#website\"},\"datePublished\":\"2018-08-03T12:33:59+00:00\",\"dateModified\":\"2022-11-17T11:18:03+00:00\",\"breadcrumb\":{\"@id\":\"https:\\\/\\\/www.amg-spa.com\\\/es\\\/disclaimer\\\/#breadcrumb\"},\"inLanguage\":\"es\",\"potentialAction\":[{\"@type\":\"ReadAction\",\"target\":[\"https:\\\/\\\/www.amg-spa.com\\\/es\\\/disclaimer\\\/\"]}]},{\"@type\":\"BreadcrumbList\",\"@id\":\"https:\\\/\\\/www.amg-spa.com\\\/es\\\/disclaimer\\\/#breadcrumb\",\"itemListElement\":[{\"@type\":\"ListItem\",\"position\":1,\"name\":\"Home\",\"item\":\"https:\\\/\\\/www.amg-spa.com\\\/es\\\/\"},{\"@type\":\"ListItem\",\"position\":2,\"name\":\"Privacy Policy\"}]},{\"@type\":\"WebSite\",\"@id\":\"https:\\\/\\\/www.amg-spa.com\\\/es\\\/#website\",\"url\":\"https:\\\/\\\/www.amg-spa.com\\\/es\\\/\",\"name\":\"Amg Spa\",\"description\":\"Biomass &amp; Heating Technologies\",\"potentialAction\":[{\"@type\":\"SearchAction\",\"target\":{\"@type\":\"EntryPoint\",\"urlTemplate\":\"https:\\\/\\\/www.amg-spa.com\\\/es\\\/?s={search_term_string}\"},\"query-input\":{\"@type\":\"PropertyValueSpecification\",\"valueRequired\":true,\"valueName\":\"search_term_string\"}}],\"inLanguage\":\"es\"}]}<\/script>\n<!-- \/ Yoast SEO plugin. -->","yoast_head_json":{"title":"Privacy Policy - Amg Spa","robots":{"index":"index","follow":"follow","max-snippet":"max-snippet:-1","max-image-preview":"max-image-preview:large","max-video-preview":"max-video-preview:-1"},"canonical":"https:\/\/www.amg-spa.com\/es\/disclaimer\/","og_locale":"es_ES","og_type":"article","og_title":"Privacy Policy - Amg Spa","og_description":"[vc_row row_height_percent=\u00bb0&#8243; override_padding=\u00bbyes\u00bb h_padding=\u00bb2&#8243; top_padding=\u00bb4&#8243; bottom_padding=\u00bb4&#8243; overlay_alpha=\u00bb50&#8243; gutter_size=\u00bb3&#8243; column_width_percent=\u00bb100&#8243; shift_y=\u00bb0&#8243; z_index=\u00bb0&#8243; uncode_shortcode_id=\u00bb598831&#8243;][vc_column][vc_custom_heading heading_semantic=\u00bbh1&#8243; text_size=\u00bbh1&#8243; text_weight=\u00bb700&#8243; text_transform=\u00bbuppercase\u00bb uncode_shortcode_id=\u00bb140175&#8243;]Privacy Policy[\/vc_custom_heading][vc_empty_space empty_h=\u00bb2&#8243;][vc_column_text uncode_shortcode_id=\u00bb187740&#8243;] [&hellip;]","og_url":"https:\/\/www.amg-spa.com\/es\/disclaimer\/","og_site_name":"Amg Spa","article_publisher":"https:\/\/www.facebook.com\/amggroupspa\/","article_modified_time":"2022-11-17T11:18:03+00:00","og_image":[{"width":2346,"height":1564,"url":"https:\/\/www.amg-spa.com\/wp-content\/uploads\/2019\/02\/amg_screen.jpg","type":"image\/jpeg"}],"twitter_card":"summary_large_image","twitter_misc":{"Tiempo de lectura":"5 minutos"},"schema":{"@context":"https:\/\/schema.org","@graph":[{"@type":"WebPage","@id":"https:\/\/www.amg-spa.com\/es\/disclaimer\/","url":"https:\/\/www.amg-spa.com\/es\/disclaimer\/","name":"Privacy Policy - Amg Spa","isPartOf":{"@id":"https:\/\/www.amg-spa.com\/es\/#website"},"datePublished":"2018-08-03T12:33:59+00:00","dateModified":"2022-11-17T11:18:03+00:00","breadcrumb":{"@id":"https:\/\/www.amg-spa.com\/es\/disclaimer\/#breadcrumb"},"inLanguage":"es","potentialAction":[{"@type":"ReadAction","target":["https:\/\/www.amg-spa.com\/es\/disclaimer\/"]}]},{"@type":"BreadcrumbList","@id":"https:\/\/www.amg-spa.com\/es\/disclaimer\/#breadcrumb","itemListElement":[{"@type":"ListItem","position":1,"name":"Home","item":"https:\/\/www.amg-spa.com\/es\/"},{"@type":"ListItem","position":2,"name":"Privacy Policy"}]},{"@type":"WebSite","@id":"https:\/\/www.amg-spa.com\/es\/#website","url":"https:\/\/www.amg-spa.com\/es\/","name":"Amg Spa","description":"Biomass &amp; Heating Technologies","potentialAction":[{"@type":"SearchAction","target":{"@type":"EntryPoint","urlTemplate":"https:\/\/www.amg-spa.com\/es\/?s={search_term_string}"},"query-input":{"@type":"PropertyValueSpecification","valueRequired":true,"valueName":"search_term_string"}}],"inLanguage":"es"}]}},"_links":{"self":[{"href":"https:\/\/www.amg-spa.com\/es\/wp-json\/wp\/v2\/pages\/112212","targetHints":{"allow":["GET"]}}],"collection":[{"href":"https:\/\/www.amg-spa.com\/es\/wp-json\/wp\/v2\/pages"}],"about":[{"href":"https:\/\/www.amg-spa.com\/es\/wp-json\/wp\/v2\/types\/page"}],"author":[{"embeddable":true,"href":"https:\/\/www.amg-spa.com\/es\/wp-json\/wp\/v2\/users\/1"}],"replies":[{"embeddable":true,"href":"https:\/\/www.amg-spa.com\/es\/wp-json\/wp\/v2\/comments?post=112212"}],"version-history":[{"count":3,"href":"https:\/\/www.amg-spa.com\/es\/wp-json\/wp\/v2\/pages\/112212\/revisions"}],"predecessor-version":[{"id":123164,"href":"https:\/\/www.amg-spa.com\/es\/wp-json\/wp\/v2\/pages\/112212\/revisions\/123164"}],"wp:attachment":[{"href":"https:\/\/www.amg-spa.com\/es\/wp-json\/wp\/v2\/media?parent=112212"}],"wp:term":[{"taxonomy":"folder","embeddable":true,"href":"https:\/\/www.amg-spa.com\/es\/wp-json\/wp\/v2\/folder?post=112212"}],"curies":[{"name":"wp","href":"https:\/\/api.w.org\/{rel}","templated":true}]}}